{"id":701,"date":"2018-11-13T13:28:34","date_gmt":"2018-11-13T13:28:34","guid":{"rendered":"https:\/\/dev.casalimon.de\/welcome-to-palmeria-hotel\/"},"modified":"2023-02-12T23:43:14","modified_gmt":"2023-02-12T22:43:14","slug":"inicio","status":"publish","type":"page","link":"https:\/\/www.casacielo.de\/es\/","title":{"rendered":"Casa rural Casa Cielo"},"content":{"rendered":"","protected":false},"excerpt":{"rendered":"<p>Casa Cielo es una exclusiva casa de vacaciones en Conil de la Frontera. La ubicaci\u00f3n es fant\u00e1stica, con magn\u00edficas vistas al mar y a la reserva natural adyacente.<\/p>\n","protected":false},"author":1,"featured_media":5831,"parent":0,"menu_order":0,"comment_status":"closed","ping_status":"closed","template":"template-front-page.php","meta":{"footnotes":""},"class_list":["post-701","page","type-page","status-publish","has-post-thumbnail","hentry"],"_links":{"self":[{"href":"https:\/\/www.casacielo.de\/es\/wp-json\/wp\/v2\/pages\/701","targetHints":{"allow":["GET"]}}],"collection":[{"href":"https:\/\/www.casacielo.de\/es\/wp-json\/wp\/v2\/pages"}],"about":[{"href":"https:\/\/www.casacielo.de\/es\/wp-json\/wp\/v2\/types\/page"}],"author":[{"embeddable":true,"href":"https:\/\/www.casacielo.de\/es\/wp-json\/wp\/v2\/users\/1"}],"replies":[{"embeddable":true,"href":"https:\/\/www.casacielo.de\/es\/wp-json\/wp\/v2\/comments?post=701"}],"version-history":[{"count":5,"href":"https:\/\/www.casacielo.de\/es\/wp-json\/wp\/v2\/pages\/701\/revisions"}],"predecessor-version":[{"id":6865,"href":"https:\/\/www.casacielo.de\/es\/wp-json\/wp\/v2\/pages\/701\/revisions\/6865"}],"wp:featuredmedia":[{"embeddable":true,"href":"https:\/\/www.casacielo.de\/es\/wp-json\/wp\/v2\/media\/5831"}],"wp:attachment":[{"href":"https:\/\/www.casacielo.de\/es\/wp-json\/wp\/v2\/media?parent=701"}],"curies":[{"name":"wp","href":"https:\/\/api.w.org\/{rel}","templated":true}]}}