{"id":1852,"date":"2018-11-13T16:35:09","date_gmt":"2018-11-13T15:35:09","guid":{"rendered":"https:\/\/dev.casalimon.de\/contact-us\/"},"modified":"2024-11-20T10:39:15","modified_gmt":"2024-11-20T09:39:15","slug":"contacte-con-nosotros","status":"publish","type":"page","link":"https:\/\/www.casacielo.de\/es\/sobre-casa-cielo\/contacte-con-nosotros\/","title":{"rendered":"Contacto"},"content":{"rendered":"\n<div class=\"wp-block-columns has-2-columns is-layout-flex wp-container-core-columns-is-layout-9d6595d7 wp-block-columns-is-layout-flex\">\n<div class=\"wp-block-column is-layout-flow wp-block-column-is-layout-flow\">\n<h3 class=\"wp-block-heading\">Datos de contacto<\/h3>\n\n\n\n<p>Casa Cielo en Conil de la Frontera. No dude en dejarnos un mensaje, utilizar la funci\u00f3n de reserva o escribirnos por correo o Whatsapp (hablamos alem\u00e1n e ingl\u00e9s).  <\/p>\n\n\n\n<div class=\"wp-block-columns is-layout-flex wp-container-core-columns-is-layout-9d6595d7 wp-block-columns-is-layout-flex\">\n<div class=\"wp-block-column is-layout-flow wp-block-column-is-layout-flow\">\n<h4 class=\"wp-block-heading has-text-align-center\">Reserva<\/h4>\n\n\n\n<h5 style=\"text-align: center\"> <i class=\"fas fa-envelope\"><\/i> <br\/> <a href=\"mailto:reservation@casacielo.de\">reservation@casacielo.de<\/a> <\/h5>\n<\/div>\n\n\n\n<div class=\"wp-block-column is-layout-flow wp-block-column-is-layout-flow\">\n<h4 class=\"wp-block-heading has-text-align-center\">Contacto<\/h4>\n\n\n\n<h5 style=\"text-align: center\"> <i class=\"fas fa-envelope\"><\/i> <br\/>\n<a href=\"mailto:info@casacielo.de\">info@casacielo.de<\/a><\/h5>\n<\/div>\n<\/div>\n\n\n\n<p class=\"has-text-align-center\" style=\"font-size:12px\">+49 (176) 15923151<\/p>\n\n\n\n<div style=\"height:10px\" aria-hidden=\"true\" class=\"wp-block-spacer\"><\/div>\n\n\n\n<p id=\"block-bc766dc2-e9d9-4076-a905-60dbedd428b2\">Calle Viento del Sur 2, 11140 Conil de la Frontera, Espa\u00f1a<\/p>\n\n\n\n<iframe src=\"https:\/\/www.google.com\/maps\/embed?pb=!1m18!1m12!1m3!1d51464.86576042906!2d-6.118265783654387!3d36.27460284606323!2m3!1f0!2f0!3f0!3m2!1i1024!2i768!4f13.1!3m3!1m2!1s0xd0c39d87a966ec3%3A0x5ac41a0c56d8834!2sCasa%20Cielo!5e0!3m2!1sde!2ses!4v1672603612963!5m2!1sde!2ses\" width=\"600\" height=\"450\" style=\"border:0;\" allowfullscreen=\"\" loading=\"lazy\" referrerpolicy=\"no-referrer-when-downgrade\"><\/iframe>\n<\/div>\n\n\n\n<div class=\"wp-block-column is-layout-flow wp-block-column-is-layout-flow\">\n<h3 class=\"wp-block-heading\">Escriba el mensaje<\/h3>\n\n\n\n<div class=\"wpcf7 no-js\" id=\"wpcf7-f1842-o1\" lang=\"es-ES\" dir=\"ltr\" data-wpcf7-id=\"1842\">\n<div class=\"screen-reader-response\"><p role=\"status\" aria-live=\"polite\" aria-atomic=\"true\"><\/p> <ul><\/ul><\/div>\n<form action=\"\/es\/wp-json\/wp\/v2\/pages\/1852#wpcf7-f1842-o1\" method=\"post\" class=\"wpcf7-form init\" aria-label=\"Formulario de contacto\" novalidate=\"novalidate\" data-status=\"init\">\n<fieldset class=\"hidden-fields-container\"><input type=\"hidden\" name=\"_wpcf7\" value=\"1842\" \/><input type=\"hidden\" name=\"_wpcf7_version\" value=\"6.1.5\" \/><input type=\"hidden\" name=\"_wpcf7_locale\" value=\"es_ES\" \/><input type=\"hidden\" name=\"_wpcf7_unit_tag\" value=\"wpcf7-f1842-o1\" \/><input type=\"hidden\" name=\"_wpcf7_container_post\" value=\"0\" \/><input type=\"hidden\" name=\"_wpcf7_posted_data_hash\" value=\"\" \/><input type=\"hidden\" name=\"_wpcf7_recaptcha_response\" value=\"\" \/>\n<\/fieldset>\n<p><label> Su nombre<br \/>\n<span class=\"wpcf7-form-control-wrap\" data-name=\"your-name\"><input size=\"40\" maxlength=\"400\" class=\"wpcf7-form-control wpcf7-text wpcf7-validates-as-required\" aria-required=\"true\" aria-invalid=\"false\" value=\"\" type=\"text\" name=\"your-name\" \/><\/span> <\/label>\n<\/p>\n<p><label> Su direcci\u00f3n de correo electr\u00f3nico<br \/>\n<span class=\"wpcf7-form-control-wrap\" data-name=\"your-email\"><input size=\"40\" maxlength=\"400\" class=\"wpcf7-form-control wpcf7-email wpcf7-validates-as-required wpcf7-text wpcf7-validates-as-email\" aria-required=\"true\" aria-invalid=\"false\" value=\"\" type=\"email\" name=\"your-email\" \/><\/span> <\/label>\n<\/p>\n<p><label> Asunto<br \/>\n<span class=\"wpcf7-form-control-wrap\" data-name=\"your-subject\"><input size=\"40\" maxlength=\"400\" class=\"wpcf7-form-control wpcf7-text wpcf7-validates-as-required\" aria-required=\"true\" aria-invalid=\"false\" value=\"\" type=\"text\" name=\"your-subject\" \/><\/span> <\/label>\n<\/p>\n<p><label> Su mensaje (opcional)<br \/>\n<span class=\"wpcf7-form-control-wrap\" data-name=\"your-message\"><textarea cols=\"40\" rows=\"10\" maxlength=\"2000\" class=\"wpcf7-form-control wpcf7-textarea\" aria-invalid=\"false\" name=\"your-message\"><\/textarea><\/span> <\/label>\n<\/p>\n<p><input class=\"wpcf7-form-control wpcf7-submit has-spinner\" type=\"submit\" value=\"Senden\" \/>\n<\/p><div class=\"wpcf7-response-output\" aria-hidden=\"true\"><\/div>\n<\/form>\n<\/div>\n\n\n\n\n<p class=\"has-text-align-center has-small-font-size\">La casa tambi\u00e9n se puede reservar a trav\u00e9s de los siguientes portales:<\/p>\n\n\n\n<div class=\"wp-block-columns is-layout-flex wp-container-core-columns-is-layout-9d6595d7 wp-block-columns-is-layout-flex\">\n<div class=\"wp-block-column is-vertically-aligned-center has-gray-color has-text-color is-layout-flow wp-block-column-is-layout-flow\">\n<figure class=\"wp-block-image size-large is-resized\"><a href=\"https:\/\/airbnb.com\/h\/casa-cielo-conil\" target=\"_blank\" rel=\"noopener\"><img loading=\"lazy\" decoding=\"async\" width=\"1024\" height=\"355\" src=\"https:\/\/casacielo.de\/wp-content\/uploads\/2021\/11\/Airbnb-Logo.wine_-e1636984607665-1024x355.png\" alt=\"Airbnb\" class=\"wp-image-3491\" style=\"width:183px;height:64px\" title=\"\" srcset=\"https:\/\/www.casacielo.de\/wp-content\/uploads\/2021\/11\/Airbnb-Logo.wine_-e1636984607665-1024x355.png 1024w, https:\/\/www.casacielo.de\/wp-content\/uploads\/2021\/11\/Airbnb-Logo.wine_-e1636984607665-300x104.png 300w, https:\/\/www.casacielo.de\/wp-content\/uploads\/2021\/11\/Airbnb-Logo.wine_-e1636984607665-768x267.png 768w, https:\/\/www.casacielo.de\/wp-content\/uploads\/2021\/11\/Airbnb-Logo.wine_-e1636984607665-1536x533.png 1536w, https:\/\/www.casacielo.de\/wp-content\/uploads\/2021\/11\/Airbnb-Logo.wine_-e1636984607665-2048x711.png 2048w, https:\/\/www.casacielo.de\/wp-content\/uploads\/2021\/11\/Airbnb-Logo.wine_-e1636984607665-892x310.png 892w\" sizes=\"auto, (max-width: 1024px) 100vw, 1024px\" \/><\/a><figcaption class=\"wp-element-caption\">.<\/figcaption><\/figure>\n<\/div>\n\n\n\n<div class=\"wp-block-column is-layout-flow wp-block-column-is-layout-flow\"><div class=\"wp-block-image\">\n<figure class=\"aligncenter size-full is-resized\"><a href=\"https:\/\/www.fewo-direkt.de\/ferienwohnung-ferienhaus\/p5320284\" target=\"_blank\" rel=\"noopener\"><img loading=\"lazy\" decoding=\"async\" width=\"425\" height=\"99\" src=\"https:\/\/www.casacielo.de\/wp-content\/uploads\/2023\/01\/FeWoDirekt-logo.jpg\" alt=\"Vrbo\" class=\"wp-image-6775\" style=\"width:181px;height:42px\" title=\"\" srcset=\"https:\/\/www.casacielo.de\/wp-content\/uploads\/2023\/01\/FeWoDirekt-logo.jpg 425w, https:\/\/www.casacielo.de\/wp-content\/uploads\/2023\/01\/FeWoDirekt-logo-300x70.jpg 300w\" sizes=\"auto, (max-width: 425px) 100vw, 425px\" \/><\/a><\/figure><\/div><\/div>\n<\/div>\n<\/div>\n<\/div>\n","protected":false},"excerpt":{"rendered":"<p>Formulario de contacto de Casa Cielo. D\u00e9janos un mensaje, escr\u00edbenos por correo o Whatsapp (hablamos alem\u00e1n e ingl\u00e9s)<\/p>\n","protected":false},"author":1,"featured_media":0,"parent":2420,"menu_order":0,"comment_status":"closed","ping_status":"closed","template":"template-wide-page.php","meta":{"footnotes":""},"class_list":["post-1852","page","type-page","status-publish","hentry"],"_links":{"self":[{"href":"https:\/\/www.casacielo.de\/es\/wp-json\/wp\/v2\/pages\/1852","targetHints":{"allow":["GET"]}}],"collection":[{"href":"https:\/\/www.casacielo.de\/es\/wp-json\/wp\/v2\/pages"}],"about":[{"href":"https:\/\/www.casacielo.de\/es\/wp-json\/wp\/v2\/types\/page"}],"author":[{"embeddable":true,"href":"https:\/\/www.casacielo.de\/es\/wp-json\/wp\/v2\/users\/1"}],"replies":[{"embeddable":true,"href":"https:\/\/www.casacielo.de\/es\/wp-json\/wp\/v2\/comments?post=1852"}],"version-history":[{"count":10,"href":"https:\/\/www.casacielo.de\/es\/wp-json\/wp\/v2\/pages\/1852\/revisions"}],"predecessor-version":[{"id":8064,"href":"https:\/\/www.casacielo.de\/es\/wp-json\/wp\/v2\/pages\/1852\/revisions\/8064"}],"up":[{"embeddable":true,"href":"https:\/\/www.casacielo.de\/es\/wp-json\/wp\/v2\/pages\/2420"}],"wp:attachment":[{"href":"https:\/\/www.casacielo.de\/es\/wp-json\/wp\/v2\/media?parent=1852"}],"curies":[{"name":"wp","href":"https:\/\/api.w.org\/{rel}","templated":true}]}}