{"id":1735,"date":"2018-11-13T13:56:09","date_gmt":"2018-11-13T13:56:09","guid":{"rendered":"https:\/\/dev.casalimon.de\/welcome-to-palmeria-hotel\/get-in-touch\/"},"modified":"2024-11-20T10:33:49","modified_gmt":"2024-11-20T09:33:49","slug":"ponte-en-contacto-con","status":"publish","type":"page","link":"https:\/\/www.casacielo.de\/es\/inicio\/ponte-en-contacto-con\/","title":{"rendered":"Contacto"},"content":{"rendered":"\n<p class=\"has-text-align-left\">No dude en utilizar la funci\u00f3n de reserva y consulta directa en l\u00ednea de este sitio web. Si tienes alguna duda sobre la casa, tu estancia o la ocupaci\u00f3n, puedes contactar con nosotros por email o Whatsapp.<\/p>\n\n<p>Hablamos alem\u00e1n e ingl\u00e9s.<\/p>\n\n<p><\/p>\n\n<div class=\"wp-block-columns has-3-columns is-layout-flex wp-container-core-columns-is-layout-9d6595d7 wp-block-columns-is-layout-flex\">\n<div class=\"wp-block-column is-layout-flow wp-block-column-is-layout-flow\">\n<h4 class=\"wp-block-heading has-text-align-center\">  Ubicaci\u00f3n<\/h4>\n\n\n\n<h5 style=\"text-align: center\">\n\t<i class=\"fas fa-map-marker-alt\"><\/i>\n<\/h5>\n\n\n\n<p class=\"has-text-align-center has-small-font-size\"><br\/><br\/>Calle Viento del Sur 2 11140 Conil de la Frontera Espa\u00f1a<\/p>\n<\/div>\n\n\n\n<div class=\"wp-block-column is-layout-flow wp-block-column-is-layout-flow\">\n<h4 class=\"wp-block-heading has-text-align-center\">  Reserva  <\/h4>\n\n\n\n<h5 style=\"text-align: center\">\n\t<i class=\"fas fa-envelope\"><\/i>\n<\/h5>\n\n\n\n<p class=\"has-text-align-center has-small-font-size\">\n          <a href=\"mailto:reservation@casacielo.de\">reservation@casacielo.de<\/a>\n        <\/p>\n\n\n\n<p class=\"has-text-align-center has-small-font-size\">+49 (176) 15923151<\/p>\n\n\n\n<p><\/p>\n<\/div>\n\n\n\n<div class=\"wp-block-column is-layout-flow wp-block-column-is-layout-flow\">\n<h4 class=\"wp-block-heading has-text-align-center\"> Contacto<\/h4>\n\n\n\n<h5 style=\"text-align: center\">\n\t<i class=\"fas fa-envelope\"><\/i>\n<\/h5>\n\n\n\n<p class=\"has-text-align-center has-small-font-size\">\n          <a href=\"mailto:info@casacielo.de\">info@casacielo.de<\/a>\n          <br\/>\n        <\/p>\n<\/div>\n<\/div>\n\n<p class=\"has-text-align-center has-small-font-size\">La casa tambi\u00e9n se puede reservar a trav\u00e9s de los siguientes portales:<\/p>\n\n<div class=\"wp-block-columns is-layout-flex wp-container-core-columns-is-layout-9d6595d7 wp-block-columns-is-layout-flex\">\n<div class=\"wp-block-column is-layout-flow wp-block-column-is-layout-flow\" style=\"flex-basis:50%\">\n<div class=\"wp-block-columns is-layout-flex wp-container-core-columns-is-layout-9d6595d7 wp-block-columns-is-layout-flex\">\n<div class=\"wp-block-column is-layout-flow wp-block-column-is-layout-flow\"><div class=\"wp-block-image\">\n<figure class=\"alignright size-large is-resized\"><a href=\"https:\/\/airbnb.com\/h\/casa-cielo-conil\" target=\"_blank\" rel=\"noopener\"><img loading=\"lazy\" decoding=\"async\" width=\"1024\" height=\"355\" src=\"https:\/\/casacielo.de\/wp-content\/uploads\/2021\/11\/Airbnb-Logo.wine_-e1636984607665-1024x355.png\" alt=\"Airbnb\" class=\"wp-image-3491\" style=\"width:183px;height:64px\" title=\"\" srcset=\"https:\/\/www.casacielo.de\/wp-content\/uploads\/2021\/11\/Airbnb-Logo.wine_-e1636984607665-1024x355.png 1024w, https:\/\/www.casacielo.de\/wp-content\/uploads\/2021\/11\/Airbnb-Logo.wine_-e1636984607665-300x104.png 300w, https:\/\/www.casacielo.de\/wp-content\/uploads\/2021\/11\/Airbnb-Logo.wine_-e1636984607665-768x267.png 768w, https:\/\/www.casacielo.de\/wp-content\/uploads\/2021\/11\/Airbnb-Logo.wine_-e1636984607665-1536x533.png 1536w, https:\/\/www.casacielo.de\/wp-content\/uploads\/2021\/11\/Airbnb-Logo.wine_-e1636984607665-2048x711.png 2048w, https:\/\/www.casacielo.de\/wp-content\/uploads\/2021\/11\/Airbnb-Logo.wine_-e1636984607665-892x310.png 892w\" sizes=\"auto, (max-width: 1024px) 100vw, 1024px\" \/><\/a><\/figure><\/div><\/div>\n<\/div>\n<\/div>\n\n\n\n<div class=\"wp-block-column is-vertically-aligned-center is-layout-flow wp-block-column-is-layout-flow\" style=\"flex-basis:50%\"><div class=\"wp-block-image\">\n<figure class=\"alignleft size-medium is-resized\"><a href=\"https:\/\/www.fewo-direkt.de\/ferienwohnung-ferienhaus\/p5320284\" target=\"_blank\" rel=\"noopener\"><img loading=\"lazy\" decoding=\"async\" width=\"300\" height=\"70\" src=\"https:\/\/www.casacielo.de\/wp-content\/uploads\/2023\/01\/FeWoDirekt-logo-300x70.jpg\" alt=\"\" class=\"wp-image-6775\" style=\"width:225px;height:53px\" title=\"\" srcset=\"https:\/\/www.casacielo.de\/wp-content\/uploads\/2023\/01\/FeWoDirekt-logo-300x70.jpg 300w, https:\/\/www.casacielo.de\/wp-content\/uploads\/2023\/01\/FeWoDirekt-logo.jpg 425w\" sizes=\"auto, (max-width: 300px) 100vw, 300px\" \/><\/a><\/figure><\/div><\/div>\n<\/div>\n\n<iframe src=\"https:\/\/www.google.com\/maps\/embed?pb=!1m14!1m8!1m3!1d201.0363636839162!2d-6.0834587938702285!3d36.273930297990034!3m2!1i1024!2i768!4f13.1!3m3!1m2!1s0xd0c39d87a966ec3%3A0x5ac41a0c56d8834!2sCasa%20Cielo!5e0!3m2!1sde!2ses!4v1672597674131!5m2!1sde!2ses\" width=\"600\" height=\"450\" style=\"border:0;\" allowfullscreen=\"\" loading=\"lazy\" referrerpolicy=\"no-referrer-when-downgrade\"><\/iframe>\n","protected":false},"excerpt":{"rendered":"<p>Utilice la funci\u00f3n de reserva en l\u00ednea del sitio web. Si tienes alguna duda sobre la oferta, puedes contactar con nosotros por correo electr\u00f3nico o por Whatsapp.<\/p>\n","protected":false},"author":1,"featured_media":5848,"parent":701,"menu_order":5,"comment_status":"closed","ping_status":"closed","template":"","meta":{"footnotes":""},"class_list":["post-1735","page","type-page","status-publish","has-post-thumbnail","hentry"],"_links":{"self":[{"href":"https:\/\/www.casacielo.de\/es\/wp-json\/wp\/v2\/pages\/1735","targetHints":{"allow":["GET"]}}],"collection":[{"href":"https:\/\/www.casacielo.de\/es\/wp-json\/wp\/v2\/pages"}],"about":[{"href":"https:\/\/www.casacielo.de\/es\/wp-json\/wp\/v2\/types\/page"}],"author":[{"embeddable":true,"href":"https:\/\/www.casacielo.de\/es\/wp-json\/wp\/v2\/users\/1"}],"replies":[{"embeddable":true,"href":"https:\/\/www.casacielo.de\/es\/wp-json\/wp\/v2\/comments?post=1735"}],"version-history":[{"count":10,"href":"https:\/\/www.casacielo.de\/es\/wp-json\/wp\/v2\/pages\/1735\/revisions"}],"predecessor-version":[{"id":8060,"href":"https:\/\/www.casacielo.de\/es\/wp-json\/wp\/v2\/pages\/1735\/revisions\/8060"}],"up":[{"embeddable":true,"href":"https:\/\/www.casacielo.de\/es\/wp-json\/wp\/v2\/pages\/701"}],"wp:featuredmedia":[{"embeddable":true,"href":"https:\/\/www.casacielo.de\/es\/wp-json\/wp\/v2\/media\/5848"}],"wp:attachment":[{"href":"https:\/\/www.casacielo.de\/es\/wp-json\/wp\/v2\/media?parent=1735"}],"curies":[{"name":"wp","href":"https:\/\/api.w.org\/{rel}","templated":true}]}}