{"id":1392,"date":"2021-08-30T00:51:49","date_gmt":"2021-08-29T22:51:49","guid":{"rendered":"https:\/\/dev.casalimon.de\/welcome-to-palmeria-hotel\/re\/"},"modified":"2023-02-07T14:21:59","modified_gmt":"2023-02-07T13:21:59","slug":"relajarse","status":"publish","type":"page","link":"https:\/\/www.casacielo.de\/es\/inicio\/relajarse\/","title":{"rendered":"Sentirse bien y relajarse"},"content":{"rendered":"\n<p>La arquitectura aireada y abierta de la casa de vacaciones, con ventanales del suelo al techo, permite disfrutar de la naturaleza, el mar y la fauna (especialmente las aves) en todo momento y en todas las habitaciones.<\/p>\n\n<p>En los meses de invierno, las habitaciones suelen estar a una temperatura agradable gracias al sol, y en verano la proximidad al mar y los refrescantes vientos ayudan a influir positivamente en el clima interior. Ambas plantas tambi\u00e9n tienen unidades de aire acondicionado controlables de forma independiente que pueden enfriar y calentar.<\/p>\n\n<p>El mobiliario de buen gusto y de alta calidad, con muchos detalles, completan la estancia.<\/p>\n\n<!--more-->\n\n<p>El frente de la ventana est\u00e1 orientado hacia el sureste, por lo que podr\u00e1 ver el sol naciente desde su cama. Ya sea para desayunar en la terraza bajo el sol de la ma\u00f1ana, para tomar el sol en una de las dos terrazas o para tomar una copa de vino al atardecer en la azotea, la casa de vacaciones tiene mucho potencial para pasar momentos inolvidables en pareja o para relajarse en solitario.  <\/p>\n\n<figure class=\"wp-block-video\"><video autoplay=\"\" controls=\"\" loop=\"\" preload=\"auto\" src=\"https:\/\/casalimon.de\/wp-content\/uploads\/2021\/08\/1077769880-sd.mp4\" playsinline=\"\"><\/video><figcaption class=\"wp-element-caption\">Playa de los Bateles y desembocadura del R\u00edo Salados<\/figcaption><\/figure>\n\n<p>En cuanto a las actividades deportivas, tambi\u00e9n encontrar\u00e1 numerosas ofertas en Conil y sus alrededores. Caminar, hacer senderismo, montar en bicicleta, hacer surf, nadar, jugar al golf y mucho m\u00e1s son otras razones para quedarse en Conil y en Casa Cielo.<\/p>\n","protected":false},"excerpt":{"rendered":"<p>La arquitectura aireada y abierta de la casa de vacaciones, con ventanales del suelo al techo, permite disfrutar de la naturaleza, el mar y la fauna (especialmente las aves) en todo momento y en todas las habitaciones. Pura relajaci\u00f3n.<\/p>\n","protected":false},"author":1,"featured_media":5834,"parent":701,"menu_order":2,"comment_status":"closed","ping_status":"closed","template":"","meta":{"footnotes":""},"class_list":["post-1392","page","type-page","status-publish","has-post-thumbnail","hentry"],"_links":{"self":[{"href":"https:\/\/www.casacielo.de\/es\/wp-json\/wp\/v2\/pages\/1392","targetHints":{"allow":["GET"]}}],"collection":[{"href":"https:\/\/www.casacielo.de\/es\/wp-json\/wp\/v2\/pages"}],"about":[{"href":"https:\/\/www.casacielo.de\/es\/wp-json\/wp\/v2\/types\/page"}],"author":[{"embeddable":true,"href":"https:\/\/www.casacielo.de\/es\/wp-json\/wp\/v2\/users\/1"}],"replies":[{"embeddable":true,"href":"https:\/\/www.casacielo.de\/es\/wp-json\/wp\/v2\/comments?post=1392"}],"version-history":[{"count":4,"href":"https:\/\/www.casacielo.de\/es\/wp-json\/wp\/v2\/pages\/1392\/revisions"}],"predecessor-version":[{"id":5463,"href":"https:\/\/www.casacielo.de\/es\/wp-json\/wp\/v2\/pages\/1392\/revisions\/5463"}],"up":[{"embeddable":true,"href":"https:\/\/www.casacielo.de\/es\/wp-json\/wp\/v2\/pages\/701"}],"wp:featuredmedia":[{"embeddable":true,"href":"https:\/\/www.casacielo.de\/es\/wp-json\/wp\/v2\/media\/5834"}],"wp:attachment":[{"href":"https:\/\/www.casacielo.de\/es\/wp-json\/wp\/v2\/media?parent=1392"}],"curies":[{"name":"wp","href":"https:\/\/api.w.org\/{rel}","templated":true}]}}