{"id":1218,"date":"2021-08-29T23:59:30","date_gmt":"2021-08-29T21:59:30","guid":{"rendered":"https:\/\/dev.casalimon.de\/impressum-2\/"},"modified":"2024-11-20T10:32:43","modified_gmt":"2024-11-20T09:32:43","slug":"imprimir","status":"publish","type":"page","link":"https:\/\/www.casacielo.de\/es\/condiciones-empresariales-generales\/imprimir\/","title":{"rendered":"Imprimir"},"content":{"rendered":"\n<p><br\/> <br\/><br\/><br\/><br\/><br\/><br\/><br\/><br\/><br\/>I<strong>nformaci\u00f3n seg\u00fan \u00a7 5 TMG<\/strong> Claudia Spielmann-Hoppe y Ralf Hoppe Casa Cielo Dom\u00e4nenplatz 5 29574 Ebstorf Alemania Tel\u00e9fono<strong>de<\/strong><strong>contacto<\/strong> (DE): +49 176 15923151 Email: info@casacielo.de<\/p>\n\n<p><br\/><br\/><br\/>R<strong>esponsabilidad editorial<\/strong> Claudia Spielmann-Hoppe Dom\u00e4nenplatz 5 29574 Ebstorf<\/p>\n","protected":false},"excerpt":{"rendered":"<p>Informaci\u00f3n seg\u00fan \u00a7 5 TMG Claudia Spielmann-Hoppe y Ralf Hoppe Casa Cielo Dom\u00e4nenplatz 5 29574 Ebstorf Alemania Tel\u00e9fonodecontacto (DE): +49 176 15923151 Email: info@casacielo.de Responsabilidad editorial Claudia Spielmann-Hoppe Dom\u00e4nenplatz 5 29574 Ebstorf<\/p>\n","protected":false},"author":1,"featured_media":0,"parent":1193,"menu_order":0,"comment_status":"closed","ping_status":"closed","template":"","meta":{"footnotes":""},"class_list":["post-1218","page","type-page","status-publish","hentry"],"_links":{"self":[{"href":"https:\/\/www.casacielo.de\/es\/wp-json\/wp\/v2\/pages\/1218","targetHints":{"allow":["GET"]}}],"collection":[{"href":"https:\/\/www.casacielo.de\/es\/wp-json\/wp\/v2\/pages"}],"about":[{"href":"https:\/\/www.casacielo.de\/es\/wp-json\/wp\/v2\/types\/page"}],"author":[{"embeddable":true,"href":"https:\/\/www.casacielo.de\/es\/wp-json\/wp\/v2\/users\/1"}],"replies":[{"embeddable":true,"href":"https:\/\/www.casacielo.de\/es\/wp-json\/wp\/v2\/comments?post=1218"}],"version-history":[{"count":5,"href":"https:\/\/www.casacielo.de\/es\/wp-json\/wp\/v2\/pages\/1218\/revisions"}],"predecessor-version":[{"id":8048,"href":"https:\/\/www.casacielo.de\/es\/wp-json\/wp\/v2\/pages\/1218\/revisions\/8048"}],"up":[{"embeddable":true,"href":"https:\/\/www.casacielo.de\/es\/wp-json\/wp\/v2\/pages\/1193"}],"wp:attachment":[{"href":"https:\/\/www.casacielo.de\/es\/wp-json\/wp\/v2\/media?parent=1218"}],"curies":[{"name":"wp","href":"https:\/\/api.w.org\/{rel}","templated":true}]}}